{"id":7665,"date":"2021-04-25T02:45:26","date_gmt":"2021-04-25T01:45:26","guid":{"rendered":"https:\/\/www.lovebiarritz.com\/?page_id=7665"},"modified":"2025-11-04T17:17:01","modified_gmt":"2025-11-04T16:17:01","slug":"english-taller","status":"publish","type":"page","link":"https:\/\/www.lovebiarritz.com\/en\/workshop\/","title":{"rendered":"Workshop"},"content":{"rendered":"<p>Ofrecemos un servicio de repaso de enfilados y ba\u00f1os de oro del goldfilled, as\u00ed como sustituci\u00f3n de las cadenas y cierres de nuestros collares.<br \/>\nPara disfrutar de este servicio escr\u00edbenos y, dependiendo del trabajo a realizar, te enviaremos un presupuesto.<br \/>\nSi apreci\u00e1ramos que en el collar hubiera alg\u00fan tipo de fallo en la producci\u00f3n que hubiera adelantado su desgaste, el gasto correr\u00eda por nuestra cuenta y arreglar\u00edamos el collar sin ning\u00fan gasto adicional. <\/p>\n<p>Para solicitar este servicio escr\u00edbenos un email a info@lovebiarritz.com especificando en el asunto &#8220;Taller Reparaciones&#8221;<\/p>\n<p>En ning\u00fan caso se aceptar\u00e1n joyas que no sean de nuestra colecci\u00f3n.<\/p>","protected":false},"excerpt":{"rendered":"<p>Ofrecemos un servicio de repaso de enfilados y ba\u00f1os de oro del goldfilled, as\u00ed como sustituci\u00f3n de las cadenas y cierres de nuestros collares. Para disfrutar de este servicio escr\u00edbenos y, dependiendo del trabajo a realizar, te enviaremos un presupuesto. Si apreci\u00e1ramos que en el collar hubiera alg\u00fan tipo de fallo en la producci\u00f3n que [&hellip;]<\/p>\n","protected":false},"author":2,"featured_media":0,"parent":0,"menu_order":0,"comment_status":"closed","ping_status":"closed","template":"","meta":{"footnotes":""},"class_list":["post-7665","page","type-page","status-publish","hentry"],"yoast_head":"<!-- This site is optimized with the Yoast SEO plugin v26.4 - https:\/\/yoast.com\/wordpress\/plugins\/seo\/ -->\n<title>Workshop - Love Biarritz<\/title>\n<meta name=\"robots\" content=\"index, follow, max-snippet:-1, max-image-preview:large, max-video-preview:-1\" \/>\n<link rel=\"canonical\" href=\"https:\/\/www.lovebiarritz.com\/taller\/\" \/>\n<meta property=\"og:locale\" content=\"en_US\" \/>\n<meta property=\"og:type\" content=\"article\" \/>\n<meta property=\"og:title\" content=\"Workshop - Love Biarritz\" \/>\n<meta property=\"og:description\" content=\"Ofrecemos un servicio de repaso de enfilados y ba\u00f1os de oro del goldfilled, as\u00ed como sustituci\u00f3n de las cadenas y cierres de nuestros collares. Para disfrutar de este servicio escr\u00edbenos y, dependiendo del trabajo a realizar, te enviaremos un presupuesto. Si apreci\u00e1ramos que en el collar hubiera alg\u00fan tipo de fallo en la producci\u00f3n que [&hellip;]\" \/>\n<meta property=\"og:url\" content=\"https:\/\/www.lovebiarritz.com\/taller\/\" \/>\n<meta property=\"og:site_name\" content=\"Love Biarritz\" \/>\n<meta property=\"article:modified_time\" content=\"2025-11-04T16:17:01+00:00\" \/>\n<meta name=\"twitter:label1\" content=\"Est. reading time\" \/>\n\t<meta name=\"twitter:data1\" content=\"1 minute\" \/>\n<script type=\"application\/ld+json\" class=\"yoast-schema-graph\">{\"@context\":\"https:\/\/schema.org\",\"@graph\":[{\"@type\":\"WebPage\",\"@id\":\"https:\/\/www.lovebiarritz.com\/taller\/\",\"url\":\"https:\/\/www.lovebiarritz.com\/taller\/\",\"name\":\"Workshop - Love Biarritz\",\"isPartOf\":{\"@id\":\"https:\/\/www.lovebiarritz.com\/#website\"},\"datePublished\":\"2021-04-25T01:45:26+00:00\",\"dateModified\":\"2025-11-04T16:17:01+00:00\",\"breadcrumb\":{\"@id\":\"https:\/\/www.lovebiarritz.com\/taller\/#breadcrumb\"},\"inLanguage\":\"en-US\",\"potentialAction\":[{\"@type\":\"ReadAction\",\"target\":[\"https:\/\/www.lovebiarritz.com\/taller\/\"]}]},{\"@type\":\"BreadcrumbList\",\"@id\":\"https:\/\/www.lovebiarritz.com\/taller\/#breadcrumb\",\"itemListElement\":[{\"@type\":\"ListItem\",\"position\":1,\"name\":\"Home\",\"item\":\"https:\/\/www.lovebiarritz.com\/\"},{\"@type\":\"ListItem\",\"position\":2,\"name\":\"Taller\"}]},{\"@type\":\"WebSite\",\"@id\":\"https:\/\/www.lovebiarritz.com\/#website\",\"url\":\"https:\/\/www.lovebiarritz.com\/\",\"name\":\"Love Biarritz\",\"description\":\"joyitas - little jewels\",\"potentialAction\":[{\"@type\":\"SearchAction\",\"target\":{\"@type\":\"EntryPoint\",\"urlTemplate\":\"https:\/\/www.lovebiarritz.com\/?s={search_term_string}\"},\"query-input\":{\"@type\":\"PropertyValueSpecification\",\"valueRequired\":true,\"valueName\":\"search_term_string\"}}],\"inLanguage\":\"en-US\"}]}<\/script>\n<!-- \/ Yoast SEO plugin. -->","yoast_head_json":{"title":"Workshop - Love Biarritz","robots":{"index":"index","follow":"follow","max-snippet":"max-snippet:-1","max-image-preview":"max-image-preview:large","max-video-preview":"max-video-preview:-1"},"canonical":"https:\/\/www.lovebiarritz.com\/taller\/","og_locale":"en_US","og_type":"article","og_title":"Workshop - Love Biarritz","og_description":"Ofrecemos un servicio de repaso de enfilados y ba\u00f1os de oro del goldfilled, as\u00ed como sustituci\u00f3n de las cadenas y cierres de nuestros collares. Para disfrutar de este servicio escr\u00edbenos y, dependiendo del trabajo a realizar, te enviaremos un presupuesto. Si apreci\u00e1ramos que en el collar hubiera alg\u00fan tipo de fallo en la producci\u00f3n que [&hellip;]","og_url":"https:\/\/www.lovebiarritz.com\/taller\/","og_site_name":"Love Biarritz","article_modified_time":"2025-11-04T16:17:01+00:00","twitter_misc":{"Est. reading time":"1 minute"},"schema":{"@context":"https:\/\/schema.org","@graph":[{"@type":"WebPage","@id":"https:\/\/www.lovebiarritz.com\/taller\/","url":"https:\/\/www.lovebiarritz.com\/taller\/","name":"Workshop - Love Biarritz","isPartOf":{"@id":"https:\/\/www.lovebiarritz.com\/#website"},"datePublished":"2021-04-25T01:45:26+00:00","dateModified":"2025-11-04T16:17:01+00:00","breadcrumb":{"@id":"https:\/\/www.lovebiarritz.com\/taller\/#breadcrumb"},"inLanguage":"en-US","potentialAction":[{"@type":"ReadAction","target":["https:\/\/www.lovebiarritz.com\/taller\/"]}]},{"@type":"BreadcrumbList","@id":"https:\/\/www.lovebiarritz.com\/taller\/#breadcrumb","itemListElement":[{"@type":"ListItem","position":1,"name":"Home","item":"https:\/\/www.lovebiarritz.com\/"},{"@type":"ListItem","position":2,"name":"Taller"}]},{"@type":"WebSite","@id":"https:\/\/www.lovebiarritz.com\/#website","url":"https:\/\/www.lovebiarritz.com\/","name":"Love Biarritz","description":"joyitas - little jewels","potentialAction":[{"@type":"SearchAction","target":{"@type":"EntryPoint","urlTemplate":"https:\/\/www.lovebiarritz.com\/?s={search_term_string}"},"query-input":{"@type":"PropertyValueSpecification","valueRequired":true,"valueName":"search_term_string"}}],"inLanguage":"en-US"}]}},"_links":{"self":[{"href":"https:\/\/www.lovebiarritz.com\/en\/wp-json\/wp\/v2\/pages\/7665","targetHints":{"allow":["GET"]}}],"collection":[{"href":"https:\/\/www.lovebiarritz.com\/en\/wp-json\/wp\/v2\/pages"}],"about":[{"href":"https:\/\/www.lovebiarritz.com\/en\/wp-json\/wp\/v2\/types\/page"}],"author":[{"embeddable":true,"href":"https:\/\/www.lovebiarritz.com\/en\/wp-json\/wp\/v2\/users\/2"}],"replies":[{"embeddable":true,"href":"https:\/\/www.lovebiarritz.com\/en\/wp-json\/wp\/v2\/comments?post=7665"}],"version-history":[{"count":8,"href":"https:\/\/www.lovebiarritz.com\/en\/wp-json\/wp\/v2\/pages\/7665\/revisions"}],"predecessor-version":[{"id":8425,"href":"https:\/\/www.lovebiarritz.com\/en\/wp-json\/wp\/v2\/pages\/7665\/revisions\/8425"}],"wp:attachment":[{"href":"https:\/\/www.lovebiarritz.com\/en\/wp-json\/wp\/v2\/media?parent=7665"}],"curies":[{"name":"wp","href":"https:\/\/api.w.org\/{rel}","templated":true}]}}